{"id":14,"date":"2021-11-08T17:25:59","date_gmt":"2021-11-08T16:25:59","guid":{"rendered":"https:\/\/cko.ujd.edu.pl\/?page_id=14"},"modified":"2021-11-22T12:57:20","modified_gmt":"2021-11-22T11:57:20","slug":"o-cko","status":"publish","type":"page","link":"https:\/\/cko.ujd.edu.pl\/index.php\/o-cko\/","title":{"rendered":"Centrum Kszta\u0142cenia na Odleg\u0142o\u015b\u0107 UJD"},"content":{"rendered":"\n<p>Dyrektor CKO: dr Zbigniew \u0141\u0119ski (zleski@ujd.edu.pl)<\/p>\n\n\n\n<p>Zast\u0119pca dyrektora CKO: dr Agnieszka Kozerska (a.kozerska@ujd.edu.pl)<\/p>\n\n\n\n<p>Konsultacje dla Wyk\u0142adowc\u00f3w &#8211; bezpo\u015brednio lub on-line, w terminie ustalanym indywidualnie po uprzednim kontakcie mailowym.<\/p>\n\n\n\n<p>Zgodnie z paragrafem 6 Regulaminu Kszta\u0142cenia na Odleg\u0142o\u015b\u0107 Uniwersytetu Humanistyczno-Przyrodniczego im. Jana D\u0142ugosza w Cz\u0119stochowie:<\/p>\n\n\n\n<ol class=\"wp-block-list\"><li>Centrum Kszta\u0142cenia na Odleg\u0142o\u015b\u0107 funkcjonuje w celu zapewnienia wsparcia technicznego i metodycznego w zakresie kszta\u0142cenia na odleg\u0142o\u015b\u0107.<\/li><li>Centrum opracowuje materia\u0142y instrukta\u017cowe z zakresu obs\u0142ugi e-Portalu dla pracownik\u00f3w Uczelni.<\/li><li>Centrum organizuje lub wsp\u00f3\u0142organizuje cykle szkole\u0144 dla wyk\u0142adowc\u00f3w.<\/li><li>Centrum przygotowuje materia\u0142y szkoleniowe dla student\u00f3w oraz uczestnik\u00f3w studi\u00f3w<br>podyplomowych lub kurs\u00f3w na temat metod i technik kszta\u0142cenia na odleg\u0142o\u015b\u0107<br>wykorzystywanych do prowadzenia zaj\u0119\u0107 dydaktycznych.<\/li><li>Centrum zarz\u0105dza uczelnian\u0105 platform\u0105 edukacyjn\u0105 (e-Portalem).<\/li><li>Centrum prowadzi stron\u0119 internetow\u0105, s\u0142u\u017c\u0105c\u0105 doskonaleniu kszta\u0142cenia na odleg\u0142o\u015b\u0107.<\/li><li>Centrum wsp\u00f3\u0142pracuje z Zespo\u0142em System\u00f3w Informatycznych i Obs\u0142ugi Dydaktyki,<br>Dzia\u0142em Infrastruktury Informatycznej oraz z koordynatorami jednostek ds. kszta\u0142cenia na odleg\u0142o\u015b\u0107.<\/li><\/ol>\n\n\n\n<p><\/p>\n","protected":false},"excerpt":{"rendered":"<p>Dyrektor CKO: dr Zbigniew \u0141\u0119ski (zleski@ujd.edu.pl) Zast\u0119pca dyrektora CKO: dr Agnieszka Kozerska (a.kozerska@ujd.edu.pl) Konsultacje dla Wyk\u0142adowc\u00f3w &#8211; bezpo\u015brednio lub on-line, w terminie ustalanym indywidualnie po uprzednim kontakcie mailowym. Zgodnie z paragrafem 6 Regulaminu Kszta\u0142cenia na Odleg\u0142o\u015b\u0107 Uniwersytetu Humanistyczno-Przyrodniczego im. Jana D\u0142ugosza w Cz\u0119stochowie: Centrum Kszta\u0142cenia na Odleg\u0142o\u015b\u0107 funkcjonuje w celu zapewnienia wsparcia technicznego i metodycznego&hellip;&nbsp;<a href=\"https:\/\/cko.ujd.edu.pl\/index.php\/o-cko\/\" rel=\"bookmark\">Dowiedz si\u0119 wi\u0119cej &raquo;<span class=\"screen-reader-text\">Centrum Kszta\u0142cenia na Odleg\u0142o\u015b\u0107 UJD<\/span><\/a><\/p>\n","protected":false},"author":1,"featured_media":0,"parent":0,"menu_order":0,"comment_status":"closed","ping_status":"closed","template":"","meta":{"neve_meta_sidebar":"","neve_meta_container":"","neve_meta_enable_content_width":"","neve_meta_content_width":0,"neve_meta_title_alignment":"","neve_meta_author_avatar":"","neve_post_elements_order":"","neve_meta_disable_header":"","neve_meta_disable_footer":"","neve_meta_disable_title":"","footnotes":""},"class_list":["post-14","page","type-page","status-publish","hentry"],"_links":{"self":[{"href":"https:\/\/cko.ujd.edu.pl\/index.php\/wp-json\/wp\/v2\/pages\/14","targetHints":{"allow":["GET"]}}],"collection":[{"href":"https:\/\/cko.ujd.edu.pl\/index.php\/wp-json\/wp\/v2\/pages"}],"about":[{"href":"https:\/\/cko.ujd.edu.pl\/index.php\/wp-json\/wp\/v2\/types\/page"}],"author":[{"embeddable":true,"href":"https:\/\/cko.ujd.edu.pl\/index.php\/wp-json\/wp\/v2\/users\/1"}],"replies":[{"embeddable":true,"href":"https:\/\/cko.ujd.edu.pl\/index.php\/wp-json\/wp\/v2\/comments?post=14"}],"version-history":[{"count":2,"href":"https:\/\/cko.ujd.edu.pl\/index.php\/wp-json\/wp\/v2\/pages\/14\/revisions"}],"predecessor-version":[{"id":607,"href":"https:\/\/cko.ujd.edu.pl\/index.php\/wp-json\/wp\/v2\/pages\/14\/revisions\/607"}],"wp:attachment":[{"href":"https:\/\/cko.ujd.edu.pl\/index.php\/wp-json\/wp\/v2\/media?parent=14"}],"curies":[{"name":"wp","href":"https:\/\/api.w.org\/{rel}","templated":true}]}}