{"id":15,"date":"2021-11-08T17:25:59","date_gmt":"2021-11-08T16:25:59","guid":{"rendered":"https:\/\/cko.ujd.edu.pl\/?page_id=15"},"modified":"2025-12-07T10:15:57","modified_gmt":"2025-12-07T09:15:57","slug":"rada-ds-ksztalcenia-na-odleglosc-ujd","status":"publish","type":"page","link":"https:\/\/cko.ujd.edu.pl\/index.php\/rada-ds-ksztalcenia-na-odleglosc-ujd\/","title":{"rendered":"Rada ds Kszta\u0142cenia na Odleg\u0142o\u015b\u0107 UJD"},"content":{"rendered":"\n<p>Sk\u0142ad osobowy Rady:<\/p>\n\n\n\n<p>Przewodnicz\u0105cy Rady ds Kszta\u0142cenia na Odleg\u0142o\u015b\u0107: JM Prorektor ds. studenckich dr hab. prof. UJD Jakub Jakubowski.<\/p>\n\n\n\n<p>Dyrektor Centrum Kszta\u0142cenia na Odleg\u0142o\u015b\u0107: dr Zbigniew \u0141\u0119ski<\/p>\n\n\n\n<p>Z-ca Dyrektora Centrum Kszta\u0142cenia na Odleg\u0142o\u015b\u0107: dr Agnieszka Kozerska<\/p>\n\n\n\n<p>Koordynatorzy ds kszta\u0142cenia na odleg\u0142o\u015b\u0107 w poszczeg\u00f3lnych jednostkach UJD:<\/p>\n\n\n\n<ol id=\"yui_3_17_2_1_1637582688454_311\" class=\"wp-block-list\">\n<li>Wydzia\u0142 Nauk Spo\u0142ecznych:\u00a0mgr Micha\u0142 Plaskura &#8211; <a href=\"mailto:m.plaskura@ujd.edu.pl\">m.plaskura@ujd.edu.pl<\/a><\/li>\n\n\n\n<li>Wydzia\u0142 Humanistyczny:&nbsp;mgr Agata Le\u015bniczek&nbsp;&#8211;&nbsp;<a rel=\"noreferrer noopener\" href=\"mailto:a.lesniczek@ujd.edu.pl\" target=\"_blank\">a.lesniczek@ujd.edu.pl<\/a>&nbsp;&nbsp;<\/li>\n\n\n\n<li>Wydzia\u0142 Nauk \u015acis\u0142ych, Przyrodniczych i Technicznych:&nbsp;dr Rafa\u0142&nbsp;G\u0142\u0119bocki&nbsp;&#8211;&nbsp;<a rel=\"noreferrer noopener\" href=\"mailto:r.glebocki@ujd.edu.pl\" target=\"_blank\">r.glebocki@ujd.edu.pl<\/a>&nbsp;&nbsp;<\/li>\n\n\n\n<li>Wydzia\u0142 Prawa i Ekonomii:&nbsp;mgr Pawe\u0142&nbsp;Szec\u00f3wka&nbsp;&#8211;&nbsp;<a rel=\"noreferrer noopener\" href=\"mailto:p.szecowka@ujd.edu.pl\" target=\"_blank\">p.szecowka@ujd.edu.pl<\/a>&nbsp;&nbsp;<\/li>\n\n\n\n<li>Wydzia\u0142 Sztuki:&nbsp;dr Mateusz Pawe\u0142czyk &#8211; &nbsp;<a href=\"mailto:m.pawelczyk@ujd.edu.pl\">m.pawelczyk@ujd.edu.pl<\/a><\/li>\n\n\n\n<li>Collegium Medicum:&nbsp;Waldemar&nbsp;Chwastowski&nbsp;&#8211;&nbsp;<a href=\"mailto:w.chwastowski@ujd.edu.pl\" target=\"_blank\" rel=\"noreferrer noopener\">w.chwastowski@ujd.edu.pl<\/a>&nbsp;&nbsp;<\/li>\n\n\n\n<li>Studium Nauki J\u0119zyk\u00f3w Obcych:&nbsp;mgr Anna&nbsp;Wojnarowicz-G\u0142\u0119bocka&nbsp;&#8211;&nbsp;<a rel=\"noreferrer noopener\" href=\"mailto:a.wojnarowicz-glebocka@ujd.edu.pl\" target=\"_blank\">a.wojnarowicz-glebocka@ujd.edu.pl<\/a>&nbsp;&nbsp;<\/li>\n\n\n\n<li>Studium Wychowania Fizycznego i Sportu:&nbsp;mgr Marlena&nbsp;Szlubowska&nbsp;&#8211;&nbsp;<a rel=\"noreferrer noopener\" href=\"mailto:m.szlubowska@ujd.edu.pl\" target=\"_blank\">m.szlubowska@ujd.edu.pl<\/a>&nbsp;<\/li>\n\n\n\n<li>Szko\u0142a doktorska: dr hab. prof. UJD Artur \u017bywio\u0142ek &#8211;&nbsp;<a href=\"mailto:a.zywio%C5%82ek@ujd.edu.pl\">a.zywio\u0142ek@ujd.edu.pl<\/a><\/li>\n<\/ol>\n\n\n\n<p>Przedstawiciel student\u00f3w:<\/p>\n\n\n\n<p>Przedstawiciel doktorant\u00f3w:<\/p>\n\n\n\n<p>Przedstawiciel obs\u0142ugi informatycznej UJD mgr in\u017c. Micha\u0142 Wojciechowski<\/p>\n","protected":false},"excerpt":{"rendered":"<p>Sk\u0142ad osobowy Rady: Przewodnicz\u0105cy Rady ds Kszta\u0142cenia na Odleg\u0142o\u015b\u0107: JM Prorektor ds. studenckich dr hab. prof. UJD Jakub Jakubowski. Dyrektor Centrum Kszta\u0142cenia na Odleg\u0142o\u015b\u0107: dr Zbigniew \u0141\u0119ski Z-ca Dyrektora Centrum Kszta\u0142cenia na Odleg\u0142o\u015b\u0107: dr Agnieszka Kozerska Koordynatorzy ds kszta\u0142cenia na odleg\u0142o\u015b\u0107 w poszczeg\u00f3lnych jednostkach UJD: Przedstawiciel student\u00f3w: Przedstawiciel doktorant\u00f3w: Przedstawiciel obs\u0142ugi informatycznej UJD mgr in\u017c.&hellip;&nbsp;<a href=\"https:\/\/cko.ujd.edu.pl\/index.php\/rada-ds-ksztalcenia-na-odleglosc-ujd\/\" rel=\"bookmark\">Dowiedz si\u0119 wi\u0119cej &raquo;<span class=\"screen-reader-text\">Rada ds Kszta\u0142cenia na Odleg\u0142o\u015b\u0107 UJD<\/span><\/a><\/p>\n","protected":false},"author":1,"featured_media":0,"parent":0,"menu_order":0,"comment_status":"closed","ping_status":"closed","template":"","meta":{"neve_meta_sidebar":"","neve_meta_container":"","neve_meta_enable_content_width":"","neve_meta_content_width":0,"neve_meta_title_alignment":"","neve_meta_author_avatar":"","neve_post_elements_order":"","neve_meta_disable_header":"","neve_meta_disable_footer":"","neve_meta_disable_title":"","footnotes":""},"class_list":["post-15","page","type-page","status-publish","hentry"],"_links":{"self":[{"href":"https:\/\/cko.ujd.edu.pl\/index.php\/wp-json\/wp\/v2\/pages\/15","targetHints":{"allow":["GET"]}}],"collection":[{"href":"https:\/\/cko.ujd.edu.pl\/index.php\/wp-json\/wp\/v2\/pages"}],"about":[{"href":"https:\/\/cko.ujd.edu.pl\/index.php\/wp-json\/wp\/v2\/types\/page"}],"author":[{"embeddable":true,"href":"https:\/\/cko.ujd.edu.pl\/index.php\/wp-json\/wp\/v2\/users\/1"}],"replies":[{"embeddable":true,"href":"https:\/\/cko.ujd.edu.pl\/index.php\/wp-json\/wp\/v2\/comments?post=15"}],"version-history":[{"count":7,"href":"https:\/\/cko.ujd.edu.pl\/index.php\/wp-json\/wp\/v2\/pages\/15\/revisions"}],"predecessor-version":[{"id":833,"href":"https:\/\/cko.ujd.edu.pl\/index.php\/wp-json\/wp\/v2\/pages\/15\/revisions\/833"}],"wp:attachment":[{"href":"https:\/\/cko.ujd.edu.pl\/index.php\/wp-json\/wp\/v2\/media?parent=15"}],"curies":[{"name":"wp","href":"https:\/\/api.w.org\/{rel}","templated":true}]}}