{"id":17,"date":"2021-11-08T17:25:59","date_gmt":"2021-11-08T16:25:59","guid":{"rendered":"https:\/\/cko.ujd.edu.pl\/?page_id=17"},"modified":"2024-11-04T11:22:26","modified_gmt":"2024-11-04T10:22:26","slug":"procedura-zglaszania-kursow-e-learningowych","status":"publish","type":"page","link":"https:\/\/cko.ujd.edu.pl\/index.php\/procedura-zglaszania-kursow-e-learningowych\/","title":{"rendered":"Procedura zg\u0142aszania kurs\u00f3w e-learningowych"},"content":{"rendered":"\n<p><\/p>\n\n\n\n<p>Procedura zg\u0142oszenia zaj\u0119\u0107 prowadzonych w e-learningu (pe\u0142nym lub cz\u0119\u015bciowym) zosta\u0142a opisana w Regulaminie kszta\u0142cenia na odleg\u0142o\u015b\u0107 UJD (<a href=\"http:\/\/bip.ujd.edu.pl\/zarzadzenie\/4640\/zarzadzenie-nr-r021-1-109-2024\">aktualna wersja z dnia 16 pa\u017adziernika 2024<\/a>)<\/p>\n\n\n\n<ol class=\"wp-block-list\">\n<li>Zg\u0142oszenie &#8211; wype\u0142nienie odpowiedniego formularza zg\u0142oszeniowego i przedstawienie go do odpowiedniego Zespo\u0142u ds Jako\u015bci Kszta\u0142cenia odpowiedzialnego za studia, kt\u00f3ry opiniuje zg\u0142oszenie (Za\u0142\u0105cznik 1). Opinia pozytywna jest r\u00f3wnoznaczna z akceptacj\u0105\u00a0zg\u0142oszenia, a negatywna z jego odrzuceniem. W przypadku studi\u00f3w podyplomowych lub kurs\u00f3w zg\u0142oszenie nale\u017cy przedstawi\u0107 odpowiedniemu Kierownikowi Studi\u00f3w Podyplomowych lub Kursu (Za\u0142\u0105cznik 2). Wnioski zaopiniowane negatywnie wracaj\u0105 do wnioskuj\u0105cego.<\/li>\n\n\n\n<li>Po pozytywnym zaopiniowaniu przez KZJK, formularz zostaje przekazany do wiadomo\u015bci do odpowiedniego Dziekana Wydzia\u0142u lub Collegium Medicum lub Dyrektora Szko\u0142y Doktorskiej, a nast\u0119pnie do Dyrektora Centrum Kszta\u0142cenia na Odleg\u0142o\u015b\u0107. Dyrektor Centrum Kszta\u0142cenia na Odleg\u0142o\u015b\u0107 przekazuje informacje o zaakceptowanych wnioskach do Przewodnicz\u0105cego Rady ds Kszta\u0142cenia na Odleg\u0142o\u015b\u0107.<\/li>\n<\/ol>\n\n\n\n<p>Zaj\u0119cia, kt\u00f3rych realizacja w formie kszta\u0142cenia zdalnego nie wynika z inicjatywy prowadz\u0105cego (np. z Zarz\u0105dzenia Rektora UJD) nie podlegaj\u0105 powy\u017cszej procedurze. W ich przypadku odpowiednie Centrum Obs\u0142ugi Wydzia\u0142u przekazuje list\u0119 takich kurs\u00f3w bezpo\u015brednio do wiadomo\u015bci Dyrektora Centrum Kszta\u0142cenia na Odleg\u0142o\u015b\u0107. <\/p>\n\n\n\n<p>Nauczyciel akademicki zg\u0142aszaj\u0105c ch\u0119\u0107 prowadzenia zaj\u0119\u0107 w formie zdalnej potwierdza tym samym, \u017ce posiada odpowiednie kompetencje w zakresie kszta\u0142cenia zdalnego, a w razie kontroli b\u0119dzie si\u0119\u00a0w stanie wykaza\u0107 odpowiednim po\u015bwiadczeniem lub certyfikatem. Mo\u017ce to by\u0107 dokument wystawiony przez dowolny podmiot (niekoniecznie UJD). W przypadku braku takiego dokumentu zapraszamy do realizacji kursu: <a href=\"https:\/\/enauka.ujd.edu.pl\/course\/view.php?id=3193\">https:\/\/enauka.ujd.edu.pl\/course\/view.php?id=3193<\/a> , kt\u00f3ry daje mo\u017cliwo\u015b\u0107 uzyskania takiego po\u015bwiadczenia.<\/p>\n\n\n\n<p><strong>Pliki do pobrania:<\/strong><\/p>\n\n\n\n<p><a href=\"https:\/\/cko.ujd.edu.pl\/wp-content\/uploads\/2024\/11\/R021.1.109.2024.pdf\">Zarz\u0105dzenie wewn\u0119trzne Nr R021.1.109.2024 Rektora Uniwersytetu Jana D\u0142ugosza w Cz\u0119stochowie z dnia 16 pa\u017adziernika 2024 r. w sprawie Regulaminu kszta\u0142cenia na odleg\u0142o\u015b\u0107 w Uniwersytecie Jana D\u0142ugosza w Cz\u0119stochowie<\/a><\/p>\n\n\n\n<div class=\"wp-block-buttons is-content-justification-center is-layout-flex wp-container-core-buttons-is-layout-16018d1d wp-block-buttons-is-layout-flex\">\n<div class=\"wp-block-button has-custom-width wp-block-button__width-75 is-style-secondary hvr-grow\"><a class=\"wp-block-button__link has-nv-dark-bg-color has-nv-light-bg-background-color has-text-color has-background has-link-color wp-element-button\" href=\"https:\/\/cko.ujd.edu.pl\/wp-content\/uploads\/2024\/11\/Zalacznik-1.pdf\" style=\"border-width:2px;padding-top:var(--wp--preset--spacing--20);padding-bottom:var(--wp--preset--spacing--20)\">Za\u0142\u0105cznik 1 &#8211; Formularz zg\u0142oszeniowy kursu e-learningowego lub webinarium realizowanego na studiach stacjonarnych lub niestacjonarnych &#8211; edytowalny formularz pdf<\/a><\/div>\n<\/div>\n\n\n\n<div class=\"wp-block-buttons is-content-justification-center is-layout-flex wp-container-core-buttons-is-layout-16018d1d wp-block-buttons-is-layout-flex\">\n<div class=\"wp-block-button has-custom-width wp-block-button__width-75 is-style-secondary hvr-grow\"><a class=\"wp-block-button__link has-nv-dark-bg-color has-nv-light-bg-background-color has-text-color has-background has-link-color wp-element-button\" href=\"https:\/\/cko.ujd.edu.pl\/wp-content\/uploads\/2024\/11\/Zalacznik-2.pdf\" style=\"border-width:2px;padding-top:var(--wp--preset--spacing--20);padding-bottom:var(--wp--preset--spacing--20)\">Za\u0142\u0105cznik 2 &#8211; Formularz zg\u0142oszeniowy kursu e-learningowego lub webinarium realizowanego na studiach podyplomowych lub kursach &#8211; edytowalny formularz pdf<\/a><\/div>\n<\/div>\n\n\n\n<div class=\"wp-block-buttons is-content-justification-center is-layout-flex wp-container-core-buttons-is-layout-16018d1d wp-block-buttons-is-layout-flex\">\n<div class=\"wp-block-button has-custom-width wp-block-button__width-75 is-style-secondary hvr-grow\"><a class=\"wp-block-button__link has-nv-dark-bg-color has-nv-light-bg-background-color has-text-color has-background has-link-color wp-element-button\" href=\"https:\/\/cko.ujd.edu.pl\/wp-content\/uploads\/2024\/11\/Zalacznik-1.docx\" style=\"border-width:2px;padding-top:var(--wp--preset--spacing--20);padding-bottom:var(--wp--preset--spacing--20)\"><strong>Za\u0142\u0105cznik 1<\/strong> &#8211; Formularz zg\u0142oszeniowy kursu e-learningowego lub webinarium realizowanego na studiach stacjonarnych lub niestacjonarnych &#8211; wersja .docx<\/a><\/div>\n<\/div>\n\n\n\n<div class=\"wp-block-buttons is-content-justification-center is-layout-flex wp-container-core-buttons-is-layout-16018d1d wp-block-buttons-is-layout-flex\">\n<div class=\"wp-block-button has-custom-width wp-block-button__width-75 is-style-secondary hvr-grow\"><a class=\"wp-block-button__link has-nv-dark-bg-color has-nv-light-bg-background-color has-text-color has-background has-link-color wp-element-button\" href=\"https:\/\/cko.ujd.edu.pl\/wp-content\/uploads\/2024\/11\/Zalacznik-2.docx\" style=\"border-width:2px;padding-top:var(--wp--preset--spacing--20);padding-bottom:var(--wp--preset--spacing--20)\"><strong>Za\u0142\u0105cznik 2<\/strong> &#8211; Formularz zg\u0142oszeniowy kursu e-learningowego lub webinarium realizowanego na studiach podyplomowych lub kursach &#8211; wersja .docx<\/a><\/div>\n<\/div>\n\n\n\n<div class=\"wp-block-buttons is-content-justification-center is-layout-flex wp-container-core-buttons-is-layout-16018d1d wp-block-buttons-is-layout-flex\"><\/div>\n\n\n\n<div class=\"wp-block-buttons is-content-justification-center is-layout-flex wp-container-core-buttons-is-layout-16018d1d wp-block-buttons-is-layout-flex\"><\/div>\n\n\n\n<div class=\"wp-block-buttons is-content-justification-center is-layout-flex wp-container-core-buttons-is-layout-16018d1d wp-block-buttons-is-layout-flex\"><\/div>\n\n\n\n<div class=\"wp-block-buttons is-content-justification-center is-layout-flex wp-container-core-buttons-is-layout-16018d1d wp-block-buttons-is-layout-flex\"><\/div>\n\n\n\n<div class=\"wp-block-buttons is-content-justification-center is-layout-flex wp-container-core-buttons-is-layout-16018d1d wp-block-buttons-is-layout-flex\"><\/div>\n\n\n\n<p><\/p>\n","protected":false},"excerpt":{"rendered":"<p>Procedura zg\u0142oszenia zaj\u0119\u0107 prowadzonych w e-learningu (pe\u0142nym lub cz\u0119\u015bciowym) zosta\u0142a opisana w Regulaminie kszta\u0142cenia na odleg\u0142o\u015b\u0107 UJD (aktualna wersja z dnia 16 pa\u017adziernika 2024) Zaj\u0119cia, kt\u00f3rych realizacja w formie kszta\u0142cenia zdalnego nie wynika z inicjatywy prowadz\u0105cego (np. z Zarz\u0105dzenia Rektora UJD) nie podlegaj\u0105 powy\u017cszej procedurze. W ich przypadku odpowiednie Centrum Obs\u0142ugi Wydzia\u0142u przekazuje list\u0119 takich&hellip;&nbsp;<a href=\"https:\/\/cko.ujd.edu.pl\/index.php\/procedura-zglaszania-kursow-e-learningowych\/\" rel=\"bookmark\">Dowiedz si\u0119 wi\u0119cej &raquo;<span class=\"screen-reader-text\">Procedura zg\u0142aszania kurs\u00f3w e-learningowych<\/span><\/a><\/p>\n","protected":false},"author":1,"featured_media":0,"parent":0,"menu_order":0,"comment_status":"closed","ping_status":"closed","template":"","meta":{"neve_meta_sidebar":"","neve_meta_container":"","neve_meta_enable_content_width":"","neve_meta_content_width":0,"neve_meta_title_alignment":"","neve_meta_author_avatar":"","neve_post_elements_order":"","neve_meta_disable_header":"","neve_meta_disable_footer":"","neve_meta_disable_title":"","footnotes":""},"class_list":["post-17","page","type-page","status-publish","hentry"],"_links":{"self":[{"href":"https:\/\/cko.ujd.edu.pl\/index.php\/wp-json\/wp\/v2\/pages\/17","targetHints":{"allow":["GET"]}}],"collection":[{"href":"https:\/\/cko.ujd.edu.pl\/index.php\/wp-json\/wp\/v2\/pages"}],"about":[{"href":"https:\/\/cko.ujd.edu.pl\/index.php\/wp-json\/wp\/v2\/types\/page"}],"author":[{"embeddable":true,"href":"https:\/\/cko.ujd.edu.pl\/index.php\/wp-json\/wp\/v2\/users\/1"}],"replies":[{"embeddable":true,"href":"https:\/\/cko.ujd.edu.pl\/index.php\/wp-json\/wp\/v2\/comments?post=17"}],"version-history":[{"count":27,"href":"https:\/\/cko.ujd.edu.pl\/index.php\/wp-json\/wp\/v2\/pages\/17\/revisions"}],"predecessor-version":[{"id":815,"href":"https:\/\/cko.ujd.edu.pl\/index.php\/wp-json\/wp\/v2\/pages\/17\/revisions\/815"}],"wp:attachment":[{"href":"https:\/\/cko.ujd.edu.pl\/index.php\/wp-json\/wp\/v2\/media?parent=17"}],"curies":[{"name":"wp","href":"https:\/\/api.w.org\/{rel}","templated":true}]}}