{"id":3,"date":"2021-11-08T17:11:08","date_gmt":"2021-11-08T16:11:08","guid":{"rendered":"http:\/\/cko.ujd.edu.pl\/?page_id=3"},"modified":"2023-06-15T17:01:55","modified_gmt":"2023-06-15T15:01:55","slug":"polityka-prywatnosci","status":"publish","type":"page","link":"https:\/\/cko.ujd.edu.pl\/index.php\/polityka-prywatnosci\/","title":{"rendered":"Polityka prywatno\u015bci"},"content":{"rendered":"\n<p><\/p>\n\n\n\n<p><strong>Informacja dotycz\u0105ca przetwarzania danych osobowych<\/strong><\/p>\n\n\n\n<p>Zgodnie z art. 13 ust. 1 i ust. 2 og\u00f3lnego rozporz\u0105dzenia o ochronie danych osobowych z dnia 27 kwietnia 2016 r. Uniwersytet Jana D\u0142ugosza w Cz\u0119stochowie informuje, \u017ce:<\/p>\n\n\n\n<p>1. Administratorem danych osobowych u\u017cytkownika serwis\u00f3w informatycznych jest Uniwersytet Jana D\u0142ugosza w Cz\u0119stochowie, ul. Waszyngtona 4\/8, 42-200 Cz\u0119stochowa;<\/p>\n\n\n\n<p>2. Dane kontaktowe inspektora ochrony danych w Uniwersytecie Jana D\u0142ugosza w Cz\u0119stochowie: e-mail:\u00a0<a rel=\"noreferrer noopener\" href=\"mailto:iod@ujd.edu.pl\" target=\"_blank\">iod@ujd.edu.pl<\/a>, tel. 34 37-84-133.<\/p>\n\n\n\n<p>3. Dane osobowe u\u017cytkownika, tj.:<\/p>\n\n\n\n<p>a) imi\u0119, nazwisko, adres e-mail, numer ID z systemu USOS oraz inne niewymagane a przekazane przez u\u017cytkownika, np. wizerunek, w przypadku serwis\u00f3w <a href=\"https:\/\/enauka.ujd.edu.pl\">Portal enauka<\/a>, <a href=\"https:\/\/enauka2.ujd.edu.pl\">Portal enauka 2<\/a>, <a href=\"https:\/\/cko.ujd.edu.pl\/kursy\">cko kursy<\/a>, BigBlueButton;<\/p>\n\n\n\n<p>b) imi\u0119, nazwisko, adres e-mail&nbsp;&nbsp;w przypadku serwisu Microsoft 365;<\/p>\n\n\n\n<p>c) imi\u0119, nazwisko, numer telefonu, w przypadku serwisu Google (GWS)&nbsp;<\/p>\n\n\n\n<p>przetwarzane s\u0105 w nast\u0119puj\u0105cych celach:<\/p>\n\n\n\n<p>a) realizacji procesu kszta\u0142cenia w formie e-learningu (w przypadku planowych zaj\u0119\u0107 zdalnych) na podstawie przepisu prawa \u2013 ustawa PSWiN, rozporz\u0105dzenie MNiSW w sprawie studi\u00f3w;<\/p>\n\n\n\n<p>b) umo\u017cliwienia dodatkowego skorzystania z us\u0142ugi oraz obs\u0142ugi serwisu, na podstawie zgody u\u017cytkownika wyra\u017conej poprzez skorzystanie z us\u0142ugi w przypadku Microsoft 365 oraz Google (GWS).<\/p>\n\n\n\n<p>4. W przypadku serwis\u00f3w uczelnianych (<a href=\"https:\/\/enauka.ujd.edu.pl\">Portal enauka<\/a>, <a href=\"https:\/\/enauka2.ujd.edu.pl\">Portal enauka 2<\/a>, BigBlueButton) dane te nie b\u0119d\u0105 udost\u0119pniane innym odbiorcom przez UJD, za wyj\u0105tkiem podmiot\u00f3w uprawnionych do uzyskania danych na podstawie przepis\u00f3w obowi\u0105zuj\u0105cego prawa, w celach kontrolnych i&nbsp;audytowych oraz pomocy prawnej i obrony roszcze\u0144 oraz w oparciu o umowy powierzenia zawierane przez Uniwersytet. W przypadku korzystania z us\u0142ug zewn\u0119trznych podmiot\u00f3w, dane te s\u0105 udost\u0119pniane tym podmiotom jako dostawcom poszczeg\u00f3lnych us\u0142ug tj.: Microsoft (Office 365, Skype) Google (GWS).&nbsp;<\/p>\n\n\n\n<p>Tworz\u0105c konto w serwisie podmiot\u00f3w zewn\u0119trznych, a nast\u0119pnie korzystaj\u0105c z niego u\u017cytkownik przekazuje tym podmiotom swoje dane osobowe, takie jak imi\u0119, nazwisko, has\u0142o, numer telefonu, itp., ale tak\u017ce wszystkie dane kt\u00f3re tworzy, przesy\u0142a czy otrzymuje od innych os\u00f3b podczas korzystania z us\u0142ugi. Ponadto podmioty te zbieraj\u0105 informacje o aplikacjach, przegl\u0105darkach i urz\u0105dzeniach, przy u\u017cyciu kt\u00f3rych u\u017cytkownik korzysta z us\u0142ugi.<\/p>\n\n\n\n<p>Mog\u0105 r\u00f3wnie\u017c stosowa\u0107 zautomatyzowane przetwarzanie, w tym profilowanie oraz przekazywa\u0107 dane do kraj\u00f3w trzecich, w kt\u00f3rych prowadz\u0105 dzia\u0142alno\u015b\u0107. W przypadku serwisu Microsoft 365 Uniwersytet w ramach swoich uprawnie\u0144 wybra\u0142 opcj\u0119 przewarzania przez Microsoft danych w obszarze UE.<\/p>\n\n\n\n<p>Informacje na temat zasad przetwarzania danych osobowych przez podmioty zewn\u0119trzne dost\u0119pne pod linkiem:<\/p>\n\n\n\n<p>Microsoft:&nbsp;<a href=\"https:\/\/www.microsoft.com\/pl-pl\/trust-center\/privacy\">https:\/\/www.microsoft.com\/pl-pl\/trust-center\/privacy<\/a><\/p>\n\n\n\n<p>Google:&nbsp;<a href=\"https:\/\/workspace.google.com\/terms\/dpa_terms.html\" target=\"_blank\" rel=\"noreferrer noopener\">Warunki korzystania z G Suite \u2013 G Suite (google.com)<\/a><\/p>\n\n\n\n<p>5. Dane osobowe u\u017cytkownika serwis\u00f3w s\u0105 przetwarzane przez Uniwersytet:<\/p>\n\n\n\n<p>a) w przypadku danych potwierdzaj\u0105cych uzyskanie efekt\u00f3w kszta\u0142cenia 3 semestry zgodnie z Zarz\u0105dzeniem wewn\u0119trznym Rektora;<\/p>\n\n\n\n<p>b) w przypadku dodatkowych us\u0142ug przez czas korzystania przez u\u017cytkownika z us\u0142ugi do momentu usuni\u0119cia przez u\u017cytkownika konta w serwisie\/ przez czas trwania wsp\u00f3\u0142pracy mi\u0119dzy Uniwersytetem i podmiotami zewn\u0119trznymi.&nbsp;<\/p>\n\n\n\n<p>6. U\u017cytkownik posiada prawo dost\u0119pu do tre\u015bci swoich danych oraz prawo ich sprostowania, prawo do ograniczenia przetwarzania, a w gdy dane przetwarzane s\u0105 za zgod\u0105 u\u017cytkownika r\u00f3wnie\u017c do usuni\u0119cia danych w przypadku cofni\u0119cia zgody w dowolnym momencie bez wp\u0142ywu na zgodno\u015b\u0107 z prawem przetwarzania, kt\u00f3rego dokonano na podstawie zgody przed jej cofni\u0119ciem, prawo do przenoszenia danych;<\/p>\n\n\n\n<p>7. U\u017cytkownik ma prawo wniesienia skargi do Prezesa Urz\u0119du Ochrony Danych Osobowych, gdy uzna, i\u017c przetwarzanie jego danych osobowych narusza przepisy og\u00f3lnego rozporz\u0105dzenia o ochronie danych osobowych z dnia 27 kwietnia 2016 r.;<\/p>\n\n\n\n<p>8. Podanie przez u\u017cytkownika danych osobowych jest warunkiem realizacji procesu kszta\u0142cenia w formie e-learningowej\/ korzystania z serwisu, a konsekwencj\u0105 niepodania danych osobowych b\u0119dzie brak mo\u017cliwo\u015bci ich realizacji;<\/p>\n\n\n\n<p>9. Dane osobowe u\u017cytkownika nie b\u0119d\u0105 przetwarzane przez administratora w spos\u00f3b zautomatyzowany, w tym w formie profilowania.&nbsp;<\/p>\n\n\n\n<p>10. Dane te nie b\u0119d\u0105 przez administratora przekazywane do pa\u0144stwa trzeciego\/organizacji mi\u0119dzynarodowej.<\/p>\n","protected":false},"excerpt":{"rendered":"<p>Informacja dotycz\u0105ca przetwarzania danych osobowych Zgodnie z art. 13 ust. 1 i ust. 2 og\u00f3lnego rozporz\u0105dzenia o ochronie danych osobowych z dnia 27 kwietnia 2016 r. Uniwersytet Jana D\u0142ugosza w Cz\u0119stochowie informuje, \u017ce: 1. Administratorem danych osobowych u\u017cytkownika serwis\u00f3w informatycznych jest Uniwersytet Jana D\u0142ugosza w Cz\u0119stochowie, ul. Waszyngtona 4\/8, 42-200 Cz\u0119stochowa; 2. Dane kontaktowe inspektora&hellip;&nbsp;<a href=\"https:\/\/cko.ujd.edu.pl\/index.php\/polityka-prywatnosci\/\" rel=\"bookmark\">Dowiedz si\u0119 wi\u0119cej &raquo;<span class=\"screen-reader-text\">Polityka prywatno\u015bci<\/span><\/a><\/p>\n","protected":false},"author":1,"featured_media":0,"parent":0,"menu_order":0,"comment_status":"closed","ping_status":"open","template":"","meta":{"neve_meta_sidebar":"","neve_meta_container":"","neve_meta_enable_content_width":"","neve_meta_content_width":0,"neve_meta_title_alignment":"","neve_meta_author_avatar":"","neve_post_elements_order":"","neve_meta_disable_header":"","neve_meta_disable_footer":"","neve_meta_disable_title":"","footnotes":""},"class_list":["post-3","page","type-page","status-publish","hentry"],"_links":{"self":[{"href":"https:\/\/cko.ujd.edu.pl\/index.php\/wp-json\/wp\/v2\/pages\/3","targetHints":{"allow":["GET"]}}],"collection":[{"href":"https:\/\/cko.ujd.edu.pl\/index.php\/wp-json\/wp\/v2\/pages"}],"about":[{"href":"https:\/\/cko.ujd.edu.pl\/index.php\/wp-json\/wp\/v2\/types\/page"}],"author":[{"embeddable":true,"href":"https:\/\/cko.ujd.edu.pl\/index.php\/wp-json\/wp\/v2\/users\/1"}],"replies":[{"embeddable":true,"href":"https:\/\/cko.ujd.edu.pl\/index.php\/wp-json\/wp\/v2\/comments?post=3"}],"version-history":[{"count":8,"href":"https:\/\/cko.ujd.edu.pl\/index.php\/wp-json\/wp\/v2\/pages\/3\/revisions"}],"predecessor-version":[{"id":722,"href":"https:\/\/cko.ujd.edu.pl\/index.php\/wp-json\/wp\/v2\/pages\/3\/revisions\/722"}],"wp:attachment":[{"href":"https:\/\/cko.ujd.edu.pl\/index.php\/wp-json\/wp\/v2\/media?parent=3"}],"curies":[{"name":"wp","href":"https:\/\/api.w.org\/{rel}","templated":true}]}}