{"id":309,"date":"2020-01-13T11:17:52","date_gmt":"2020-01-13T11:17:52","guid":{"rendered":"https:\/\/demosites.io\/web-agency-gb\/?page_id=5"},"modified":"2026-01-22T11:04:29","modified_gmt":"2026-01-22T10:04:29","slug":"15c42-web-agency-gb-home","status":"publish","type":"page","link":"https:\/\/cko.ujd.edu.pl\/","title":{"rendered":"Strona g\u0142\u00f3wna"},"content":{"rendered":"\n<div class=\"wp-block-cover alignfull\" style=\"min-height:700px;aspect-ratio:unset;\"><img fetchpriority=\"high\" decoding=\"async\" width=\"1920\" height=\"1280\" class=\"wp-block-cover__image-background wp-image-355\" alt=\"\" src=\"https:\/\/cko.ujd.edu.pl\/wp-content\/uploads\/2021\/11\/laptop-5842509_1920.jpg\" style=\"object-position:53% 68%\" data-object-fit=\"cover\" data-object-position=\"53% 68%\" srcset=\"https:\/\/cko.ujd.edu.pl\/wp-content\/uploads\/2021\/11\/laptop-5842509_1920.jpg 1920w, https:\/\/cko.ujd.edu.pl\/wp-content\/uploads\/2021\/11\/laptop-5842509_1920-300x200.jpg 300w, https:\/\/cko.ujd.edu.pl\/wp-content\/uploads\/2021\/11\/laptop-5842509_1920-1024x683.jpg 1024w, https:\/\/cko.ujd.edu.pl\/wp-content\/uploads\/2021\/11\/laptop-5842509_1920-768x512.jpg 768w, https:\/\/cko.ujd.edu.pl\/wp-content\/uploads\/2021\/11\/laptop-5842509_1920-1536x1024.jpg 1536w, https:\/\/cko.ujd.edu.pl\/wp-content\/uploads\/2021\/11\/laptop-5842509_1920-930x620.jpg 930w\" sizes=\"(max-width: 1920px) 100vw, 1920px\" \/><span aria-hidden=\"true\" class=\"wp-block-cover__background has-background-dim-0 has-background-dim\"><\/span><div class=\"wp-block-cover__inner-container is-layout-flow wp-block-cover-is-layout-flow\">\n<div style=\"height:80px\" aria-hidden=\"true\" class=\"wp-block-spacer\"><\/div>\n\n\n\n<h1 class=\"wp-block-heading has-text-align-center has-nv-site-bg-color has-text-color\">Centrum Kszta\u0142cenia na Odleg\u0142o\u015b\u0107&nbsp;UJD<\/h1>\n\n\n\n<p class=\"has-text-align-center has-nv-light-bg-color has-text-color\" style=\"font-size:17px\">Dost\u0119pne narz\u0119dzia kszta\u0142cenia zdalnego:<\/p>\n\n\n\n<div class=\"wp-block-buttons is-horizontal is-content-justification-center is-layout-flex wp-container-core-buttons-is-layout-499968f5 wp-block-buttons-is-layout-flex\">\n<div class=\"wp-block-button is-style-primary\"><a class=\"wp-block-button__link has-luminous-vivid-orange-to-vivid-red-gradient-background has-background wp-element-button\" href=\"https:\/\/enauka.ujd.edu.pl\" style=\"border-radius:20px\" target=\"_blank\" rel=\"noreferrer noopener\">Portal enauka<\/a><\/div>\n\n\n\n<div class=\"wp-block-button is-style-primary\"><a class=\"wp-block-button__link has-pale-ocean-gradient-background has-background wp-element-button\" href=\"https:\/\/cko.ujd.edu.pl\/index.php\/bigbluebutton\/\" style=\"border-radius:20px\">BigBlueButton<\/a><\/div>\n\n\n\n<div class=\"wp-block-button is-style-primary\"><a class=\"wp-block-button__link has-nv-site-bg-color has-midnight-gradient-background has-text-color has-background wp-element-button\" href=\"https:\/\/cko.ujd.edu.pl\/index.php\/ms-teams\/\" style=\"border-radius:20px\">MS Teams<\/a><\/div>\n\n\n\n<div class=\"wp-block-button is-style-primary\"><a class=\"wp-block-button__link has-neve-text-color-color has-pale-ocean-gradient-background has-text-color has-background wp-element-button\" href=\"https:\/\/cko.ujd.edu.pl\/index.php\/google-classroom\/\" style=\"border-radius:20px\">Google Clasroom<\/a><\/div>\n<\/div>\n\n\n\n<div style=\"height:80px\" aria-hidden=\"true\" class=\"wp-block-spacer\"><\/div>\n\n\n\n<div style=\"height:80px\" aria-hidden=\"true\" class=\"wp-block-spacer\"><\/div>\n<\/div><\/div>\n\n\n\n<div style=\"height:80px\" aria-hidden=\"true\" class=\"wp-block-spacer\"><\/div>\n\n\n\n<div class=\"wp-block-columns is-layout-flex wp-container-core-columns-is-layout-9d6595d7 wp-block-columns-is-layout-flex\">\n<div class=\"wp-block-column is-layout-flow wp-block-column-is-layout-flow\"><div class=\"wp-block-image icon-style is-style-rounded\">\n<figure class=\"aligncenter size-large\"><img decoding=\"async\" src=\"https:\/\/cko.ujd.edu.pl\/wp-content\/uploads\/2020\/01\/neve-webdesign-GB-03.png\" alt=\"\" class=\"wp-image-20\" title=\"\"\/><\/figure>\n<\/div>\n\n\n<h3 class=\"wp-block-heading has-text-align-center has-neve-text-color-color has-text-color\"><a href=\"https:\/\/cko.ujd.edu.pl\/index.php\/o-cko\/\"><span style=\"color:#0000ff\" class=\"has-inline-color\">O CKO<\/span><\/a><\/h3>\n\n\n\n<p class=\"has-text-align-center\">Centrum Kszta\u0142cenia na Odleg\u0142o\u015b\u0107 UJD &#8211; czym si\u0119&nbsp;zajmujemy, jak si\u0119 z nami skontaktowa\u0107&#8230;<\/p>\n\n\n\n<div style=\"height:20px\" aria-hidden=\"true\" class=\"wp-block-spacer\"><\/div>\n<\/div>\n\n\n\n<div class=\"wp-block-column is-layout-flow wp-block-column-is-layout-flow\"><div class=\"wp-block-image icon-style is-style-rounded\">\n<figure class=\"aligncenter size-large\"><img decoding=\"async\" src=\"https:\/\/cko.ujd.edu.pl\/wp-content\/uploads\/2020\/01\/neve-webdesign-GB-04.png\" alt=\"\" class=\"wp-image-21\"\/><\/figure>\n<\/div>\n\n\n<h3 class=\"wp-block-heading has-text-align-center has-neve-text-color-color has-text-color\"><a href=\"https:\/\/cko.ujd.edu.pl\/index.php\/rada-ds-ksztalcenia-na-odleglosc-ujd\/\"><span style=\"color:#0000ff\" class=\"has-inline-color\">Rada Kszta\u0142cenia na Odleg\u0142o\u015b\u0107&nbsp;UJD<\/span><\/a><\/h3>\n\n\n\n<p class=\"has-text-align-center\">Sk\u0142ad osobowy, koordynatorzy ds. kszta\u0142cenia na odleg\u0142o\u015b\u0107&nbsp;w poszczeg\u00f3lnych jednostkach UJD<\/p>\n\n\n\n<div style=\"height:20px\" aria-hidden=\"true\" class=\"wp-block-spacer\"><\/div>\n\n\n\n<p><\/p>\n<\/div>\n\n\n\n<div class=\"wp-block-column is-layout-flow wp-block-column-is-layout-flow\"><div class=\"wp-block-image icon-style is-style-rounded\">\n<figure class=\"aligncenter size-large\"><img decoding=\"async\" src=\"https:\/\/cko.ujd.edu.pl\/wp-content\/uploads\/2020\/01\/neve-webdesign-GB-01.png\" alt=\"\" class=\"wp-image-18\"\/><\/figure>\n<\/div>\n\n\n<h3 class=\"wp-block-heading has-text-align-center has-neve-text-color-color has-text-color\"><a href=\"https:\/\/cko.ujd.edu.pl\/index.php\/procedura-zglaszania-kursow-e-learningowych\/\"><span style=\"color:#0000ff\" class=\"has-inline-color\">Zg\u0142aszanie kurs\u00f3w e-learningowych<\/span><\/a><\/h3>\n\n\n\n<p class=\"has-text-align-center\">Procedura, dokumenty. W nied\u0142ugim czasie r\u00f3wnie\u017c&nbsp;system elektronicznego obiegu dokument\u00f3w i zg\u0142aszania e-kurs\u00f3w<\/p>\n\n\n\n<div style=\"height:20px\" aria-hidden=\"true\" class=\"wp-block-spacer\"><\/div>\n<\/div>\n<\/div>\n\n\n\n<div class=\"wp-block-cover alignfull\" style=\"min-height:600px;aspect-ratio:unset;\"><span aria-hidden=\"true\" class=\"wp-block-cover__background has-nv-site-bg-background-color has-background-dim-100 has-background-dim\"><\/span><div class=\"wp-block-cover__inner-container is-layout-flow wp-block-cover-is-layout-flow\">\n<div class=\"wp-block-group\"><div class=\"wp-block-group__inner-container is-layout-flow wp-block-group-is-layout-flow\">\n<div style=\"height:80px\" aria-hidden=\"true\" class=\"wp-block-spacer\"><\/div>\n\n\n\n<div class=\"wp-block-columns are-vertically-aligned-center is-layout-flex wp-container-core-columns-is-layout-9d6595d7 wp-block-columns-is-layout-flex\">\n<div class=\"wp-block-column is-vertically-aligned-center is-layout-flow wp-block-column-is-layout-flow\" style=\"flex-basis:50%\">\n<h2 class=\"wp-block-heading has-text-align-left has-neve-text-color-color has-text-color\">Colours Alliance<\/h2>\n\n\n\n<p class=\"has-text-align-left has-neve-text-color-color has-text-color\" style=\"font-size:17px\">Uniwersytet Jana D\u0142ugosza w Cz\u0119stochowie jest jednym z europejskich uniwersytet\u00f3w zrzeszonych w COLOURS Alliance. Poni\u017cej link do katalogu kurs\u00f3w on-line oferowanych przez wszystkich partner\u00f3w sojuszu.<\/p>\n\n\n\n<div class=\"wp-block-buttons is-horizontal is-content-justification-left is-layout-flex wp-container-core-buttons-is-layout-7e5fce0a wp-block-buttons-is-layout-flex\">\n<div class=\"wp-block-button is-style-primary\"><a class=\"wp-block-button__link wp-element-button\" href=\"https:\/\/colours-alliance.eu\/study-learn\/course-catalogue\/\" style=\"border-radius:20px\" target=\"_blank\" rel=\"noreferrer noopener\">Colours Course Catalogue<\/a><\/div>\n<\/div>\n\n\n\n<div style=\"height:40px\" aria-hidden=\"true\" class=\"wp-block-spacer\"><\/div>\n<\/div>\n\n\n\n<div class=\"wp-block-column is-vertically-aligned-center is-layout-flow wp-block-column-is-layout-flow\" style=\"flex-basis:50%\">\n<figure class=\"wp-block-image size-large\"><img decoding=\"async\" width=\"1024\" height=\"841\" src=\"https:\/\/cko.ujd.edu.pl\/wp-content\/uploads\/2026\/01\/Colours-logo-vertical-1024x841.png\" alt=\"\" class=\"wp-image-836\" srcset=\"https:\/\/cko.ujd.edu.pl\/wp-content\/uploads\/2026\/01\/Colours-logo-vertical-1024x841.png 1024w, https:\/\/cko.ujd.edu.pl\/wp-content\/uploads\/2026\/01\/Colours-logo-vertical-300x246.png 300w, https:\/\/cko.ujd.edu.pl\/wp-content\/uploads\/2026\/01\/Colours-logo-vertical-768x631.png 768w, https:\/\/cko.ujd.edu.pl\/wp-content\/uploads\/2026\/01\/Colours-logo-vertical-1536x1262.png 1536w, https:\/\/cko.ujd.edu.pl\/wp-content\/uploads\/2026\/01\/Colours-logo-vertical.png 1687w\" sizes=\"(max-width: 1024px) 100vw, 1024px\" \/><\/figure>\n<\/div>\n<\/div>\n\n\n\n<div style=\"height:40px\" aria-hidden=\"true\" class=\"wp-block-spacer\"><\/div>\n<\/div><\/div>\n<\/div><\/div>\n\n\n\n<div class=\"wp-block-cover alignfull\" style=\"min-height:600px;aspect-ratio:unset;\"><span aria-hidden=\"true\" class=\"wp-block-cover__background has-nv-light-bg-background-color has-background-dim-100 has-background-dim\"><\/span><div class=\"wp-block-cover__inner-container is-layout-flow wp-block-cover-is-layout-flow\">\n<div class=\"wp-block-group\"><div class=\"wp-block-group__inner-container is-layout-flow wp-block-group-is-layout-flow\">\n<div style=\"height:80px\" aria-hidden=\"true\" class=\"wp-block-spacer\"><\/div>\n\n\n\n<div class=\"wp-block-columns are-vertically-aligned-center is-layout-flex wp-container-core-columns-is-layout-9d6595d7 wp-block-columns-is-layout-flex\">\n<div class=\"wp-block-column is-vertically-aligned-center is-layout-flow wp-block-column-is-layout-flow\" style=\"flex-basis:50%\">\n<figure class=\"wp-block-image size-large\"><img decoding=\"async\" width=\"1024\" height=\"724\" src=\"https:\/\/cko.ujd.edu.pl\/wp-content\/uploads\/2021\/11\/mobile-1087845_1280-1024x724.jpg\" alt=\"\" class=\"wp-image-361\" srcset=\"https:\/\/cko.ujd.edu.pl\/wp-content\/uploads\/2021\/11\/mobile-1087845_1280-1024x724.jpg 1024w, https:\/\/cko.ujd.edu.pl\/wp-content\/uploads\/2021\/11\/mobile-1087845_1280-300x212.jpg 300w, https:\/\/cko.ujd.edu.pl\/wp-content\/uploads\/2021\/11\/mobile-1087845_1280-768x543.jpg 768w, https:\/\/cko.ujd.edu.pl\/wp-content\/uploads\/2021\/11\/mobile-1087845_1280.jpg 1280w\" sizes=\"(max-width: 1024px) 100vw, 1024px\" \/><\/figure>\n<\/div>\n\n\n\n<div class=\"wp-block-column is-vertically-aligned-center is-layout-flow wp-block-column-is-layout-flow\" style=\"flex-basis:50%\">\n<div style=\"height:20px\" aria-hidden=\"true\" class=\"wp-block-spacer\"><\/div>\n\n\n\n<h2 class=\"wp-block-heading has-text-align-left has-neve-text-color-color has-text-color\">Szkolenie z zakresu ochrony danych osobowych (RODO)<\/h2>\n\n\n\n<p class=\"has-text-align-left has-neve-text-color-color has-text-color\" style=\"font-size:17px\">Obowi\u0105zkowe szkolenie dla wszystkich nowych pracownik\u00f3w UJD, kt\u00f3rzy maj\u0105&nbsp;realizowa\u0107&nbsp;zaj\u0119cia dydaktyczne (konieczna rejestracja konta lub posiadanie dost\u0119pu do USOSweb UJD).<\/p>\n\n\n\n<div class=\"wp-block-buttons is-horizontal is-content-justification-left is-layout-flex wp-container-core-buttons-is-layout-7e5fce0a wp-block-buttons-is-layout-flex\">\n<div class=\"wp-block-button is-style-primary\"><a class=\"wp-block-button__link wp-element-button\" href=\"https:\/\/cko.ujd.edu.pl\/kursy\/course\/view.php?id=3\" style=\"border-radius:20px\" target=\"_blank\" rel=\"noreferrer noopener\">Przejd\u017a do szkolenia RODO<\/a><\/div>\n<\/div>\n<\/div>\n<\/div>\n\n\n\n<div style=\"height:40px\" aria-hidden=\"true\" class=\"wp-block-spacer\"><\/div>\n<\/div><\/div>\n<\/div><\/div>\n\n\n\n<div class=\"wp-block-cover alignfull\" style=\"min-height:600px;aspect-ratio:unset;\"><span aria-hidden=\"true\" class=\"wp-block-cover__background has-nv-site-bg-background-color has-background-dim-100 has-background-dim\"><\/span><div class=\"wp-block-cover__inner-container is-layout-flow wp-block-cover-is-layout-flow\">\n<div class=\"wp-block-group\"><div class=\"wp-block-group__inner-container is-layout-flow wp-block-group-is-layout-flow\">\n<div style=\"height:80px\" aria-hidden=\"true\" class=\"wp-block-spacer\"><\/div>\n\n\n\n<div class=\"wp-block-columns are-vertically-aligned-center is-layout-flex wp-container-core-columns-is-layout-9d6595d7 wp-block-columns-is-layout-flex\">\n<div class=\"wp-block-column is-vertically-aligned-center is-layout-flow wp-block-column-is-layout-flow\" style=\"flex-basis:50%\">\n<h2 class=\"wp-block-heading has-text-align-left has-neve-text-color-color has-text-color\">Szkolenie &#8211; Dost\u0119pne dokumenty<\/h2>\n\n\n\n<p class=\"has-text-align-left has-neve-text-color-color has-text-color\" style=\"font-size:17px\">Obowi\u0105zkowe szkolenie dla wszystkich pracownik\u00f3w UJD z zakresu tworzenia i edycji dokument\u00f3w dost\u0119pnych cyfrowo  (konieczna rejestracja konta lub posiadanie dost\u0119pu do USOSweb UJD).<\/p>\n\n\n\n<div class=\"wp-block-buttons is-horizontal is-content-justification-left is-layout-flex wp-container-core-buttons-is-layout-7e5fce0a wp-block-buttons-is-layout-flex\">\n<div class=\"wp-block-button is-style-primary\"><a class=\"wp-block-button__link wp-element-button\" href=\"https:\/\/cko.ujd.edu.pl\/kursy\/course\/view.php?id=6\" style=\"border-radius:20px\" target=\"_blank\" rel=\"noreferrer noopener\">Przejd\u017a do szkolenia &#8211; Dost\u0119pne Dokumenty<\/a><\/div>\n<\/div>\n\n\n\n<div style=\"height:40px\" aria-hidden=\"true\" class=\"wp-block-spacer\"><\/div>\n<\/div>\n\n\n\n<div class=\"wp-block-column is-vertically-aligned-center is-layout-flow wp-block-column-is-layout-flow\" style=\"flex-basis:50%\">\n<figure class=\"wp-block-image size-large\"><img decoding=\"async\" src=\"https:\/\/cko.ujd.edu.pl\/wp-content\/uploads\/2020\/01\/neve-web-design-bg-13.jpg\" alt=\"\" class=\"wp-image-40\"\/><\/figure>\n<\/div>\n<\/div>\n\n\n\n<div style=\"height:40px\" aria-hidden=\"true\" class=\"wp-block-spacer\"><\/div>\n<\/div><\/div>\n<\/div><\/div>\n\n\n\n<div class=\"wp-block-cover alignfull\" style=\"min-height:600px;aspect-ratio:unset;\"><span aria-hidden=\"true\" class=\"wp-block-cover__background has-nv-light-bg-background-color has-background-dim-100 has-background-dim\"><\/span><div class=\"wp-block-cover__inner-container is-layout-flow wp-block-cover-is-layout-flow\">\n<div class=\"wp-block-group\"><div class=\"wp-block-group__inner-container is-layout-flow wp-block-group-is-layout-flow\">\n<div style=\"height:80px\" aria-hidden=\"true\" class=\"wp-block-spacer\"><\/div>\n\n\n\n<div class=\"wp-block-columns are-vertically-aligned-center is-layout-flex wp-container-core-columns-is-layout-9d6595d7 wp-block-columns-is-layout-flex\">\n<div class=\"wp-block-column is-vertically-aligned-center is-layout-flow wp-block-column-is-layout-flow\" style=\"flex-basis:50%\">\n<figure class=\"wp-block-image size-large\"><img loading=\"lazy\" decoding=\"async\" width=\"1024\" height=\"1024\" src=\"https:\/\/cko.ujd.edu.pl\/wp-content\/uploads\/2022\/10\/security-1491514_1280-1024x1024.png\" alt=\"\" class=\"wp-image-685\" srcset=\"https:\/\/cko.ujd.edu.pl\/wp-content\/uploads\/2022\/10\/security-1491514_1280-1024x1024.png 1024w, https:\/\/cko.ujd.edu.pl\/wp-content\/uploads\/2022\/10\/security-1491514_1280-300x300.png 300w, https:\/\/cko.ujd.edu.pl\/wp-content\/uploads\/2022\/10\/security-1491514_1280-150x150.png 150w, https:\/\/cko.ujd.edu.pl\/wp-content\/uploads\/2022\/10\/security-1491514_1280-768x768.png 768w, https:\/\/cko.ujd.edu.pl\/wp-content\/uploads\/2022\/10\/security-1491514_1280.png 1280w\" sizes=\"(max-width: 1024px) 100vw, 1024px\" \/><\/figure>\n<\/div>\n\n\n\n<div class=\"wp-block-column is-vertically-aligned-center is-layout-flow wp-block-column-is-layout-flow\" style=\"flex-basis:50%\">\n<div style=\"height:20px\" aria-hidden=\"true\" class=\"wp-block-spacer\"><\/div>\n\n\n\n<h2 class=\"wp-block-heading has-text-align-left has-neve-text-color-color has-text-color\">Szkolenie z zakresu BHP dla os\u00f3b zatrudnianych na umowy cywilnoprawne<\/h2>\n\n\n\n<p class=\"has-text-align-left has-neve-text-color-color has-text-color\" style=\"font-size:17px\"><\/p>\n\n\n\n<div class=\"wp-block-buttons is-horizontal is-content-justification-left is-layout-flex wp-container-core-buttons-is-layout-7e5fce0a wp-block-buttons-is-layout-flex\">\n<div class=\"wp-block-button is-style-primary\"><a class=\"wp-block-button__link wp-element-button\" href=\"https:\/\/cko.ujd.edu.pl\/kursy\/course\/view.php?id=20\" style=\"border-radius:20px\" target=\"_blank\" rel=\"noreferrer noopener\">Przejd\u017a do szkolenia BHP<\/a><\/div>\n<\/div>\n<\/div>\n<\/div>\n\n\n\n<div style=\"height:40px\" aria-hidden=\"true\" class=\"wp-block-spacer\"><\/div>\n<\/div><\/div>\n<\/div><\/div>\n\n\n\n<div class=\"wp-block-cover alignfull\" style=\"min-height:600px;aspect-ratio:unset;\"><span aria-hidden=\"true\" class=\"wp-block-cover__background has-nv-dark-bg-background-color has-background-dim-100 has-background-dim\"><\/span><div class=\"wp-block-cover__inner-container is-layout-flow wp-block-cover-is-layout-flow\">\n<div class=\"wp-block-group\"><div class=\"wp-block-group__inner-container is-layout-flow wp-block-group-is-layout-flow\">\n<div style=\"height:80px\" aria-hidden=\"true\" class=\"wp-block-spacer\"><\/div>\n\n\n\n<div class=\"wp-block-columns are-vertically-aligned-center is-layout-flex wp-container-core-columns-is-layout-9d6595d7 wp-block-columns-is-layout-flex\">\n<div class=\"wp-block-column is-vertically-aligned-center is-layout-flow wp-block-column-is-layout-flow\" style=\"flex-basis:50%\">\n<figure class=\"wp-block-image size-large\"><img decoding=\"async\" src=\"https:\/\/cko.ujd.edu.pl\/wp-content\/uploads\/2020\/01\/neve-web-design-bg-08.jpg\" alt=\"\" class=\"wp-image-35\"\/><\/figure>\n<\/div>\n\n\n\n<div class=\"wp-block-column is-vertically-aligned-center is-layout-flow wp-block-column-is-layout-flow\" style=\"flex-basis:50%\">\n<div style=\"height:40px\" aria-hidden=\"true\" class=\"wp-block-spacer\"><\/div>\n\n\n\n<h2 class=\"wp-block-heading has-text-align-left has-nv-text-dark-bg-color has-text-color\">Narz\u0119dzia kszta\u0142cenia na odleg\u0142o\u015b\u0107<\/h2>\n\n\n\n<p class=\"has-text-align-left has-nv-text-dark-bg-color has-text-color\" style=\"font-size:17px\">Asynchroniczne szkolenia on-line dla nauczycieli akademickich i student\u00f3w.<\/p>\n\n\n\n<div class=\"wp-block-buttons is-horizontal is-content-justification-left is-layout-flex wp-container-core-buttons-is-layout-7e5fce0a wp-block-buttons-is-layout-flex\">\n<div class=\"wp-block-button is-style-primary\"><a class=\"wp-block-button__link has-nv-light-bg-background-color has-background wp-element-button\" href=\"https:\/\/enauka.ujd.edu.pl\/course\/view.php?id=16\" style=\"border-radius:20px\" target=\"_blank\" rel=\"noreferrer noopener\">Kurs dla nauczycieli akademickich<\/a><\/div>\n\n\n\n<div class=\"wp-block-button is-style-primary\"><a class=\"wp-block-button__link has-nv-light-bg-background-color has-background wp-element-button\" href=\"https:\/\/enauka.ujd.edu.pl\/course\/view.php?id=17\" style=\"border-radius:20px\" target=\"_blank\" rel=\"noreferrer noopener\">Kurs dla student\u00f3w<\/a><\/div>\n<\/div>\n<\/div>\n<\/div>\n<\/div><\/div>\n<\/div><\/div>\n\n\n\n<hr class=\"wp-block-separator has-css-opacity\"\/>\n\n\n\n<p class=\"has-medium-font-size\">Aktualno\u015bci:<\/p>\n\n\n<ul class=\"wp-block-latest-posts__list wp-block-latest-posts\"><li><a class=\"wp-block-latest-posts__post-title\" href=\"https:\/\/cko.ujd.edu.pl\/index.php\/2023\/04\/05\/regulamin-ksztalcenia-na-odleglosc-zmiany\/\">Regulamin kszta\u0142cenia na odleg\u0142o\u015b\u0107 &#8211; zmiany<\/a><\/li>\n<li><a class=\"wp-block-latest-posts__post-title\" href=\"https:\/\/cko.ujd.edu.pl\/index.php\/2022\/10\/24\/badanie-nowe-technologie-w-pracy-nauczyciela-akademickiego\/\">Badanie &#8211; nowe technologie w pracy nauczyciela akademickiego<\/a><\/li>\n<li><a class=\"wp-block-latest-posts__post-title\" href=\"https:\/\/cko.ujd.edu.pl\/index.php\/2022\/01\/31\/przenoszenie-kursow-na-nowa-enauke\/\">Przenoszenie kurs\u00f3w na now\u0105\u00a0enauk\u0119 &#8211; UAKTUALNIENIE!<\/a><\/li>\n<\/ul>\n\n<div class=\"is-default-size wp-block-site-logo\"><a href=\"https:\/\/cko.ujd.edu.pl\/\" class=\"custom-logo-link\" rel=\"home\"><img loading=\"lazy\" decoding=\"async\" width=\"95\" height=\"115\" src=\"https:\/\/cko.ujd.edu.pl\/wp-content\/uploads\/2021\/11\/cropped-Logo_UJD-1.png\" class=\"custom-logo\" alt=\"Centrum Kszta\u0142cenia na Odleg\u0142o\u015b\u0107 Uniwersytetu Jana D\u0142ugosza w Cz\u0119stochowie\" \/><\/a><\/div>\n\n\n<hr class=\"wp-block-separator has-css-opacity\"\/>\n\n\n\n<div class=\"wp-block-group\"><div class=\"wp-block-group__inner-container is-layout-flow wp-block-group-is-layout-flow\">\n<ul class=\"wp-block-social-links is-layout-flex wp-block-social-links-is-layout-flex\"><\/ul>\n<\/div><\/div>\n\n\n\n<p><\/p>\n","protected":false},"excerpt":{"rendered":"<p>O CKO Centrum Kszta\u0142cenia na Odleg\u0142o\u015b\u0107 UJD &#8211; czym si\u0119&nbsp;zajmujemy, jak si\u0119 z nami skontaktowa\u0107&#8230; Rada Kszta\u0142cenia na Odleg\u0142o\u015b\u0107&nbsp;UJD Sk\u0142ad osobowy, koordynatorzy ds. kszta\u0142cenia na odleg\u0142o\u015b\u0107&nbsp;w poszczeg\u00f3lnych jednostkach UJD Zg\u0142aszanie kurs\u00f3w e-learningowych Procedura, dokumenty. W nied\u0142ugim czasie r\u00f3wnie\u017c&nbsp;system elektronicznego obiegu dokument\u00f3w i zg\u0142aszania e-kurs\u00f3w Aktualno\u015bci:<\/p>\n","protected":false},"author":1,"featured_media":0,"parent":0,"menu_order":0,"comment_status":"closed","ping_status":"closed","template":"","meta":{"neve_meta_sidebar":"default","neve_meta_container":"default","neve_meta_enable_content_width":"on","neve_meta_content_width":100,"neve_meta_title_alignment":"","neve_meta_author_avatar":"","neve_post_elements_order":"","neve_meta_disable_header":"","neve_meta_disable_footer":"","neve_meta_disable_title":"on","footnotes":""},"class_list":["post-309","page","type-page","status-publish","hentry"],"_links":{"self":[{"href":"https:\/\/cko.ujd.edu.pl\/index.php\/wp-json\/wp\/v2\/pages\/309","targetHints":{"allow":["GET"]}}],"collection":[{"href":"https:\/\/cko.ujd.edu.pl\/index.php\/wp-json\/wp\/v2\/pages"}],"about":[{"href":"https:\/\/cko.ujd.edu.pl\/index.php\/wp-json\/wp\/v2\/types\/page"}],"author":[{"embeddable":true,"href":"https:\/\/cko.ujd.edu.pl\/index.php\/wp-json\/wp\/v2\/users\/1"}],"replies":[{"embeddable":true,"href":"https:\/\/cko.ujd.edu.pl\/index.php\/wp-json\/wp\/v2\/comments?post=309"}],"version-history":[{"count":17,"href":"https:\/\/cko.ujd.edu.pl\/index.php\/wp-json\/wp\/v2\/pages\/309\/revisions"}],"predecessor-version":[{"id":837,"href":"https:\/\/cko.ujd.edu.pl\/index.php\/wp-json\/wp\/v2\/pages\/309\/revisions\/837"}],"wp:attachment":[{"href":"https:\/\/cko.ujd.edu.pl\/index.php\/wp-json\/wp\/v2\/media?parent=309"}],"curies":[{"name":"wp","href":"https:\/\/api.w.org\/{rel}","templated":true}]}}