{"id":657,"date":"2021-11-22T14:01:52","date_gmt":"2021-11-22T13:01:52","guid":{"rendered":"https:\/\/cko.ujd.edu.pl\/?page_id=657"},"modified":"2021-11-22T14:01:52","modified_gmt":"2021-11-22T13:01:52","slug":"google-classroom","status":"publish","type":"page","link":"https:\/\/cko.ujd.edu.pl\/index.php\/google-classroom\/","title":{"rendered":"Google Classroom"},"content":{"rendered":"\n<p>Uniwersytet Humanistyczno-Przyrodniczy dysponuje dost\u0119pem do systemu Google Classroom. System nie jest zsynchronizowany z \u017cadnym innym, posiadanym przez UJD system e-learningowym, ani z systemem USOS, co wynika z polityki ochrony danych osobowych.<\/p>\n\n\n\n<p>Administratorem Google Classroom na UJD jest Pan dr Rafa\u0142 G\u0142\u0119bocki. Aby uzyska\u0107 dost\u0119p do systemu nale\u017cy si\u0119\u00a0z nim skontaktowa\u0107 bezpo\u015brednio lub drog\u0105\u00a0mailow\u0105 na <a href=\"mailto:r.glebocki@ujd.edu.pl\" data-type=\"mailto\" data-id=\"mailto:r.glebocki@ujd.edu.pl\">r.glebocki@ujd.edu.pl<\/a>.<\/p>\n","protected":false},"excerpt":{"rendered":"<p>Uniwersytet Humanistyczno-Przyrodniczy dysponuje dost\u0119pem do systemu Google Classroom. System nie jest zsynchronizowany z \u017cadnym innym, posiadanym przez UJD system e-learningowym, ani z systemem USOS, co wynika z polityki ochrony danych osobowych. Administratorem Google Classroom na UJD jest Pan dr Rafa\u0142 G\u0142\u0119bocki. Aby uzyska\u0107 dost\u0119p do systemu nale\u017cy si\u0119\u00a0z nim skontaktowa\u0107 bezpo\u015brednio lub drog\u0105\u00a0mailow\u0105 na r.glebocki@ujd.edu.pl.<\/p>\n","protected":false},"author":1,"featured_media":0,"parent":0,"menu_order":0,"comment_status":"closed","ping_status":"closed","template":"","meta":{"neve_meta_sidebar":"","neve_meta_container":"","neve_meta_enable_content_width":"","neve_meta_content_width":0,"neve_meta_title_alignment":"","neve_meta_author_avatar":"","neve_post_elements_order":"","neve_meta_disable_header":"","neve_meta_disable_footer":"","neve_meta_disable_title":"","footnotes":""},"class_list":["post-657","page","type-page","status-publish","hentry"],"_links":{"self":[{"href":"https:\/\/cko.ujd.edu.pl\/index.php\/wp-json\/wp\/v2\/pages\/657","targetHints":{"allow":["GET"]}}],"collection":[{"href":"https:\/\/cko.ujd.edu.pl\/index.php\/wp-json\/wp\/v2\/pages"}],"about":[{"href":"https:\/\/cko.ujd.edu.pl\/index.php\/wp-json\/wp\/v2\/types\/page"}],"author":[{"embeddable":true,"href":"https:\/\/cko.ujd.edu.pl\/index.php\/wp-json\/wp\/v2\/users\/1"}],"replies":[{"embeddable":true,"href":"https:\/\/cko.ujd.edu.pl\/index.php\/wp-json\/wp\/v2\/comments?post=657"}],"version-history":[{"count":1,"href":"https:\/\/cko.ujd.edu.pl\/index.php\/wp-json\/wp\/v2\/pages\/657\/revisions"}],"predecessor-version":[{"id":658,"href":"https:\/\/cko.ujd.edu.pl\/index.php\/wp-json\/wp\/v2\/pages\/657\/revisions\/658"}],"wp:attachment":[{"href":"https:\/\/cko.ujd.edu.pl\/index.php\/wp-json\/wp\/v2\/media?parent=657"}],"curies":[{"name":"wp","href":"https:\/\/api.w.org\/{rel}","templated":true}]}}