{"id":661,"date":"2021-11-22T14:10:49","date_gmt":"2021-11-22T13:10:49","guid":{"rendered":"https:\/\/cko.ujd.edu.pl\/?page_id=661"},"modified":"2024-12-02T11:13:57","modified_gmt":"2024-12-02T10:13:57","slug":"bigbluebutton","status":"publish","type":"page","link":"https:\/\/cko.ujd.edu.pl\/index.php\/bigbluebutton\/","title":{"rendered":"BigBlueButton"},"content":{"rendered":"\n<p>BigBlueButton to system do wideokonferencji na licencji Open Source. Jest on szeroko stosowany w nauczaniu na poziomie akademickim na ca\u0142ym \u015bwiecie. Jego g\u0142\u00f3wn\u0105 zalet\u0105 jest mo\u017cliwo\u015b\u0107 pe\u0142nej integracji z systemem Moodle, na kt\u00f3rym opiera si\u0119 platforma e-learningowa Uniwersytetu Humanistyczo-Przyrodniczego im. Jana D\u0142ugosza w Cz\u0119stochowie.<\/p>\n\n\n\n<p>Aby skorzysta\u0107 z systemu BigBlueButton nie trzeba si\u0119\u00a0nigdzie dodatkowo rejestrowa\u0107. Dost\u0119p jest mo\u017cliwy bezpo\u015brednio zar\u00f3wno z poziomu portalu enauka, jak i platformy kurs\u00f3w dodatkowych. Aktywno\u015b\u0107 BigBlueButton mo\u017ce by\u0107\u00a0dodana do ka\u017cdego z kurs\u00f3w. Tym samym w \u0142atwy spos\u00f3b mo\u017cna uzupe\u0142ni\u0107 zaj\u0119cia prowadzone w formie webinaru o dodatkowe funkcjonalno\u015bci, jakie daje u\u017cytkownikowi Moodle &#8211; np. zadania, testy, udost\u0119pnianie materia\u0142\u00f3w, fora dyskusyjne do wymiany do\u015bwiadcze\u0144, itd.<\/p>\n\n\n\n<p>Mo\u017cliwe jest r\u00f3wnie\u017c skorzystanie z BigBlueButton bezpo\u015brednio &#8211; bez po\u015brednictwa Moodle, poprzez stron\u0119 <a href=\"https:\/\/webinar.ujd.edu.pl\">https:\/\/webinar.ujd.edu.pl<\/a>. Niestety nie jest tu jednak mo\u017cliwe logowanie poprzez konto USOS. Wymagane jest odr\u0119bne, utworzone przez CKO konto. Pul\u0119 takich kont posiada do dyspozycji ka\u017cdy z Wydzia\u0142\u00f3w, a w uzasadnionych przypadkach mo\u017cna si\u0119 zwr\u00f3ci\u0107 do CKO z pro\u015bb\u0105 o dost\u0119p z dodatkowego, nowego konta.<\/p>\n","protected":false},"excerpt":{"rendered":"<p>BigBlueButton to system do wideokonferencji na licencji Open Source. Jest on szeroko stosowany w nauczaniu na poziomie akademickim na ca\u0142ym \u015bwiecie. Jego g\u0142\u00f3wn\u0105 zalet\u0105 jest mo\u017cliwo\u015b\u0107 pe\u0142nej integracji z systemem Moodle, na kt\u00f3rym opiera si\u0119 platforma e-learningowa Uniwersytetu Humanistyczo-Przyrodniczego im. Jana D\u0142ugosza w Cz\u0119stochowie. Aby skorzysta\u0107 z systemu BigBlueButton nie trzeba si\u0119\u00a0nigdzie dodatkowo rejestrowa\u0107. Dost\u0119p&hellip;&nbsp;<a href=\"https:\/\/cko.ujd.edu.pl\/index.php\/bigbluebutton\/\" rel=\"bookmark\">Dowiedz si\u0119 wi\u0119cej &raquo;<span class=\"screen-reader-text\">BigBlueButton<\/span><\/a><\/p>\n","protected":false},"author":1,"featured_media":0,"parent":0,"menu_order":0,"comment_status":"closed","ping_status":"closed","template":"","meta":{"neve_meta_sidebar":"","neve_meta_container":"","neve_meta_enable_content_width":"","neve_meta_content_width":0,"neve_meta_title_alignment":"","neve_meta_author_avatar":"","neve_post_elements_order":"","neve_meta_disable_header":"","neve_meta_disable_footer":"","neve_meta_disable_title":"","footnotes":""},"class_list":["post-661","page","type-page","status-publish","hentry"],"_links":{"self":[{"href":"https:\/\/cko.ujd.edu.pl\/index.php\/wp-json\/wp\/v2\/pages\/661","targetHints":{"allow":["GET"]}}],"collection":[{"href":"https:\/\/cko.ujd.edu.pl\/index.php\/wp-json\/wp\/v2\/pages"}],"about":[{"href":"https:\/\/cko.ujd.edu.pl\/index.php\/wp-json\/wp\/v2\/types\/page"}],"author":[{"embeddable":true,"href":"https:\/\/cko.ujd.edu.pl\/index.php\/wp-json\/wp\/v2\/users\/1"}],"replies":[{"embeddable":true,"href":"https:\/\/cko.ujd.edu.pl\/index.php\/wp-json\/wp\/v2\/comments?post=661"}],"version-history":[{"count":2,"href":"https:\/\/cko.ujd.edu.pl\/index.php\/wp-json\/wp\/v2\/pages\/661\/revisions"}],"predecessor-version":[{"id":819,"href":"https:\/\/cko.ujd.edu.pl\/index.php\/wp-json\/wp\/v2\/pages\/661\/revisions\/819"}],"wp:attachment":[{"href":"https:\/\/cko.ujd.edu.pl\/index.php\/wp-json\/wp\/v2\/media?parent=661"}],"curies":[{"name":"wp","href":"https:\/\/api.w.org\/{rel}","templated":true}]}}